{"id":3739,"date":"2017-01-20T08:46:49","date_gmt":"2017-01-20T08:46:49","guid":{"rendered":"http:\/\/wp.setek.dk\/?page_id=3739"},"modified":"2022-04-20T11:20:16","modified_gmt":"2022-04-20T11:20:16","slug":"kompetencer","status":"publish","type":"page","link":"https:\/\/www.setek.dk\/en\/kompetencer\/","title":{"rendered":"Competences"},"content":{"rendered":"<div id='full_slider_1'  class='avia-fullwidth-slider main_color avia-shadow   avia-builder-el-0  el_before_av_one_third  avia-builder-el-first   container_wrap sidebar_right'  >\n<style type=\"text\/css\" data-created_by=\"avia_inline_auto\" id=\"style-css-av-ah0lz1-f11d8561c41da6536258dfca82c381f7\">\n#top #wrap_all .avia-slideshow .av-slideshow-caption.av-ah0lz1-f11d8561c41da6536258dfca82c381f7__0 .avia-caption-title{\nfont-size:60px;\n}\n#top .avia-slideshow .av-slideshow-caption.av-ah0lz1-f11d8561c41da6536258dfca82c381f7__0 .avia-caption-content{\nfont-size:30px;\n}\n#top .avia-slideshow .av-slideshow-caption.av-ah0lz1-f11d8561c41da6536258dfca82c381f7__0 .avia-caption-content p{\nfont-size:30px;\n}\n<\/style>\n<div  class='avia-slideshow av-ah0lz1-f11d8561c41da6536258dfca82c381f7 avia-slideshow-no scaling av_slideshow_full avia-fade-slider av-slideshow-ui av-control-hidden av-no-slider-navigation av-hide-nav-arrows av-slideshow-manual av-loop-once av-loop-manual-endless av-default-height-applied   avia-slideshow-1' data-slideshow-options=\"{&quot;animation&quot;:&quot;fade&quot;,&quot;autoplay&quot;:false,&quot;loop_autoplay&quot;:&quot;once&quot;,&quot;interval&quot;:5,&quot;loop_manual&quot;:&quot;manual-endless&quot;,&quot;autoplay_stopper&quot;:false,&quot;noNavigation&quot;:true,&quot;bg_slider&quot;:false,&quot;keep_padding&quot;:false,&quot;hoverpause&quot;:false,&quot;show_slide_delay&quot;:0}\"  itemprop=\"image\" itemscope=\"itemscope\" itemtype=\"https:\/\/schema.org\/ImageObject\" ><ul class='avia-slideshow-inner' style='padding-bottom: 20.833333333333%;'><li  class='avia-slideshow-slide av-ah0lz1-f11d8561c41da6536258dfca82c381f7__0  av-single-slide slide-1 slide-odd'><div data-rel='slideshow-1' class='avia-slide-wrap'   ><div class='av-slideshow-caption av-ah0lz1-f11d8561c41da6536258dfca82c381f7__0 caption_fullwidth caption_center'><div class=\"container caption_container\"><div class=\"slideshow_caption\"><div class=\"slideshow_inner_caption\"><div class=\"slideshow_align_caption\"><h2 class='avia-caption-title'  itemprop=\"name\" >Competences<\/h2><div class='avia-caption-content'  itemprop=\"description\" ><p>Software and hardware we primarily work with<\/p>\n<\/div><\/div><\/div><\/div><\/div><\/div><img decoding=\"async\" fetchpriority=\"high\" class=\"wp-image-4911 avia-img-lazy-loading-not-4911\"  src=\"https:\/\/www.setek.dk\/wp-content\/uploads\/2021\/03\/Automation.jpg\" width=\"1152\" height=\"240\" title='Automation' alt=''  itemprop=\"thumbnailUrl\" srcset=\"https:\/\/www.setek.dk\/wp-content\/uploads\/2021\/03\/Automation.jpg 1152w, https:\/\/www.setek.dk\/wp-content\/uploads\/2021\/03\/Automation-300x63.jpg 300w, https:\/\/www.setek.dk\/wp-content\/uploads\/2021\/03\/Automation-1030x215.jpg 1030w, https:\/\/www.setek.dk\/wp-content\/uploads\/2021\/03\/Automation-768x160.jpg 768w, https:\/\/www.setek.dk\/wp-content\/uploads\/2021\/03\/Automation-16x3.jpg 16w, https:\/\/www.setek.dk\/wp-content\/uploads\/2021\/03\/Automation-705x147.jpg 705w, https:\/\/www.setek.dk\/wp-content\/uploads\/2021\/03\/Automation-450x94.jpg 450w\" sizes=\"(max-width: 1152px) 100vw, 1152px\" \/><\/div><\/li><\/ul><\/div><\/div><div id='after_full_slider_1'  class='main_color av_default_container_wrap container_wrap sidebar_right'  ><div class='container av-section-cont-open' ><div class='template-page content  av-content-small alpha units'><div class='post-entry post-entry-type-page post-entry-3739'><div class='entry-content-wrapper clearfix'>\n\n<style type=\"text\/css\" data-created_by=\"avia_inline_auto\" id=\"style-css-av-adrl17-30daaa0715c2c64dbda12e2f8c712c29\">\n.flex_column.av-adrl17-30daaa0715c2c64dbda12e2f8c712c29{\nborder-radius:0px 0px 0px 0px;\npadding:0px 0px 0px 0px;\n}\n<\/style>\n<div  class='flex_column av-adrl17-30daaa0715c2c64dbda12e2f8c712c29 av_one_third  avia-builder-el-1  el_after_av_slideshow_full  el_before_av_one_third  avia-builder-el-first  first flex_column_div av-zero-column-padding'     ><section  class='av_textblock_section av-9ev5jv-67aebf81bb3bc64cf1e0251f198a4d9c'   itemscope=\"itemscope\" itemtype=\"https:\/\/schema.org\/CreativeWork\" ><div class='avia_textblock'  itemprop=\"text\" ><h2>El-projektering og tavler<\/h2>\n<p>Vi udf\u00f8rer bla. el-projektering for maskiner, procesanl\u00e6g og CTS-anl\u00e6g herunder:<\/p>\n<ul>\n<li>R\u00e5dgivning<\/li>\n<li>Sikkerhedsvurdering<\/li>\n<li>Lister og el-dokumentation<\/li>\n<\/ul>\n<p>Vi har lang erfaring fra mange brancher og det kommer dit projekt til gavn. Vi s\u00f8rger for at styre projekterne fra start til slut, s\u00e5 intet falder ned mellem stolene og tidsplanerne overholdes.<\/p>\n<p>Vi udf\u00f8rer projektering og dokumentation i professionelle systemer PCSchematic og SEE Electrical.<\/p>\n<\/div><\/section><br \/>\n\n<style type=\"text\/css\" data-created_by=\"avia_inline_auto\" id=\"style-css-av-l27hctmd-75a0e19ddf052f438e42061546b99fd9\">\n.avia-image-container.av-l27hctmd-75a0e19ddf052f438e42061546b99fd9 img.avia_image{\nbox-shadow:none;\n}\n.avia-image-container.av-l27hctmd-75a0e19ddf052f438e42061546b99fd9 .av-image-caption-overlay-center{\ncolor:#ffffff;\n}\n<\/style>\n<div  class='avia-image-container av-l27hctmd-75a0e19ddf052f438e42061546b99fd9 av-styling- av-hover-grow av-hide-overflow avia-align-center  avia-builder-el-3  el_after_av_textblock  avia-builder-el-last'   itemprop=\"image\" itemscope=\"itemscope\" itemtype=\"https:\/\/schema.org\/ImageObject\" ><div class=\"avia-image-container-inner\"><div class=\"avia-image-overlay-wrap\"><img decoding=\"async\" fetchpriority=\"high\" class='wp-image-5008 avia-img-lazy-loading-not-5008 avia_image' src=\"https:\/\/www.setek.dk\/wp-content\/uploads\/2022\/04\/IMG_2344-300x200.jpg\" alt='' title='IMG_2344'  height=\"200\" width=\"300\"  itemprop=\"thumbnailUrl\" srcset=\"https:\/\/www.setek.dk\/wp-content\/uploads\/2022\/04\/IMG_2344-300x200.jpg 300w, https:\/\/www.setek.dk\/wp-content\/uploads\/2022\/04\/IMG_2344-1030x687.jpg 1030w, https:\/\/www.setek.dk\/wp-content\/uploads\/2022\/04\/IMG_2344-768x512.jpg 768w, https:\/\/www.setek.dk\/wp-content\/uploads\/2022\/04\/IMG_2344-1536x1024.jpg 1536w, https:\/\/www.setek.dk\/wp-content\/uploads\/2022\/04\/IMG_2344-2048x1365.jpg 2048w, https:\/\/www.setek.dk\/wp-content\/uploads\/2022\/04\/IMG_2344-18x12.jpg 18w, https:\/\/www.setek.dk\/wp-content\/uploads\/2022\/04\/IMG_2344-1500x1000.jpg 1500w, https:\/\/www.setek.dk\/wp-content\/uploads\/2022\/04\/IMG_2344-705x470.jpg 705w, https:\/\/www.setek.dk\/wp-content\/uploads\/2022\/04\/IMG_2344-450x300.jpg 450w\" sizes=\"(max-width: 300px) 100vw, 300px\" \/><\/div><\/div><\/div><\/p><\/div>\n<style type=\"text\/css\" data-created_by=\"avia_inline_auto\" id=\"style-css-av-adrl17-6c0b427669fc2ef4cd40354f96f01e5a\">\n.flex_column.av-adrl17-6c0b427669fc2ef4cd40354f96f01e5a{\nborder-radius:0px 0px 0px 0px;\npadding:0px 0px 0px 0px;\n}\n<\/style>\n<div  class='flex_column av-adrl17-6c0b427669fc2ef4cd40354f96f01e5a av_one_third  avia-builder-el-4  el_after_av_one_third  avia-builder-el-last  flex_column_div av-zero-column-padding'     ><section  class='av_textblock_section av-9ev5jv-67aebf81bb3bc64cf1e0251f198a4d9c'   itemscope=\"itemscope\" itemtype=\"https:\/\/schema.org\/CreativeWork\" ><div class='avia_textblock'  itemprop=\"text\" ><h2>Software platforms<\/h2>\n<p>Flexibility and stability are key words for our choice of hardware and software for process automation. Therefore, we use only common systems as a basis for our software solutions for the process industry.<\/p>\n<p>The following are our primary products, but we also have some knowledge of virtually all other PLC, HMI and SCADA systems.<\/p>\n<\/div><\/section><br \/>\n<div  class='togglecontainer av-l27edy4n-845e694100b12ea3cd171d8c09df2dcc  avia-builder-el-6  el_after_av_textblock  avia-builder-el-last  toggle_close_all' >\n<section class='av_toggle_section av-kr917-10ef3c1329eaee269a2ad5763a50d8cd'  itemscope=\"itemscope\" itemtype=\"https:\/\/schema.org\/CreativeWork\" ><div role=\"tablist\" class=\"single_toggle\" data-tags=\"{All} \"  ><p id='toggle-toggle-id-1' data-fake-id='#toggle-id-1' class='toggler  av-title-above'  itemprop=\"headline\"  role='tab' tabindex='0' aria-controls='toggle-id-1' data-slide-speed=\"200\" data-title=\"PLC\/HMI-systemer\" data-title-open=\"\" data-aria_collapsed=\"Click to expand: PLC\/HMI-systemer\" data-aria_expanded=\"Click to collapse: PLC\/HMI-systemer\">PLC\/HMI-systems<span class=\"toggle_icon\"><span class=\"vert_icon\"><\/span><span class=\"hor_icon\"><\/span><\/span><\/p><div id='toggle-id-1' aria-labelledby='toggle-toggle-id-1' role='region' class='toggle_wrap  av-title-above'  ><div class='toggle_content invers-color'  itemprop=\"text\" ><div class=\"progress avia_start_animation\">\n<ul>\n<li>Siemens Simatic<\/li>\n<li>Allen-Bradley<\/li>\n<li>Omron<\/li>\n<li>Beckhoff<\/li>\n<li>Wago<\/li>\n<li>Mitsubishi<\/li>\n<li>Schneider Electric \/ Modicon<\/li>\n<\/ul>\n<div><\/div>\n<\/div>\n<\/div><\/div><\/div><\/section>\n<section class='av_toggle_section av-1oqiz-6437adc7615b18093a95d2ca9d60166e'  itemscope=\"itemscope\" itemtype=\"https:\/\/schema.org\/CreativeWork\" ><div role=\"tablist\" class=\"single_toggle\" data-tags=\"{All} \"  ><p id='toggle-toggle-id-2' data-fake-id='#toggle-id-2' class='toggler  av-title-above'  itemprop=\"headline\"  role='tab' tabindex='0' aria-controls='toggle-id-2' data-slide-speed=\"200\" data-title=\"SCADA\/DCS-systemer\" data-title-open=\"\" data-aria_collapsed=\"Click to expand: SCADA\/DCS-systemer\" data-aria_expanded=\"Click to collapse: SCADA\/DCS-systemer\">SCADA\/DCS-systems<span class=\"toggle_icon\"><span class=\"vert_icon\"><\/span><span class=\"hor_icon\"><\/span><\/span><\/p><div id='toggle-id-2' aria-labelledby='toggle-toggle-id-2' role='region' class='toggle_wrap  av-title-above'  ><div class='toggle_content invers-color'  itemprop=\"text\" ><ul>\n<li>GE Proficy iFIX<\/li>\n<li>Citect SCADA<\/li>\n<li>Wonderware InTouch<\/li>\n<li>Simatic WinCC<\/li>\n<li>Rockwell FactoryTalk<\/li>\n<li>Simatic PCS7<\/li>\n<li>Ignition Perspective \/ Vision<\/li>\n<li>Iconics<\/li>\n<li>InduSoft Web Studio<\/li>\n<\/ul>\n<\/div><\/div><\/div><\/section>\n<\/div><\/p><\/div><\/p>","protected":false},"excerpt":{"rendered":"","protected":false},"author":1,"featured_media":0,"parent":0,"menu_order":0,"comment_status":"closed","ping_status":"open","template":"","meta":{"footnotes":""},"class_list":["post-3739","page","type-page","status-publish","hentry"],"yoast_head":"<!-- This site is optimized with the Yoast SEO plugin v27.5 - https:\/\/yoast.com\/product\/yoast-seo-wordpress\/ -->\n<title>Kompetencer - SETEK Process &amp; Data<\/title>\n<meta name=\"robots\" content=\"index, follow, max-snippet:-1, max-image-preview:large, max-video-preview:-1\" \/>\n<link rel=\"canonical\" href=\"https:\/\/www.setek.dk\/en\/kompetencer\/\" \/>\n<meta property=\"og:locale\" content=\"en_GB\" \/>\n<meta property=\"og:type\" content=\"article\" \/>\n<meta property=\"og:title\" content=\"Kompetencer - SETEK Process &amp; Data\" \/>\n<meta property=\"og:url\" content=\"https:\/\/www.setek.dk\/en\/kompetencer\/\" \/>\n<meta property=\"og:site_name\" content=\"SETEK Process &amp; Data\" \/>\n<meta property=\"article:publisher\" content=\"https:\/\/www.facebook.com\/SetekProcessData\/\" \/>\n<meta property=\"article:modified_time\" content=\"2022-04-20T11:20:16+00:00\" \/>\n<meta name=\"twitter:card\" content=\"summary_large_image\" \/>\n<meta name=\"twitter:label1\" content=\"Estimated reading time\" \/>\n\t<meta name=\"twitter:data1\" content=\"2 minutes\" \/>\n<script type=\"application\/ld+json\" class=\"yoast-schema-graph\">{\"@context\":\"https:\\\/\\\/schema.org\",\"@graph\":[{\"@type\":\"WebPage\",\"@id\":\"https:\\\/\\\/www.setek.dk\\\/kompetencer\\\/\",\"url\":\"https:\\\/\\\/www.setek.dk\\\/kompetencer\\\/\",\"name\":\"Kompetencer - SETEK Process &amp; Data\",\"isPartOf\":{\"@id\":\"https:\\\/\\\/www.setek.dk\\\/#website\"},\"datePublished\":\"2017-01-20T08:46:49+00:00\",\"dateModified\":\"2022-04-20T11:20:16+00:00\",\"breadcrumb\":{\"@id\":\"https:\\\/\\\/www.setek.dk\\\/kompetencer\\\/#breadcrumb\"},\"inLanguage\":\"en-GB\",\"potentialAction\":[{\"@type\":\"ReadAction\",\"target\":[\"https:\\\/\\\/www.setek.dk\\\/kompetencer\\\/\"]}]},{\"@type\":\"BreadcrumbList\",\"@id\":\"https:\\\/\\\/www.setek.dk\\\/kompetencer\\\/#breadcrumb\",\"itemListElement\":[{\"@type\":\"ListItem\",\"position\":1,\"name\":\"Hjem\",\"item\":\"https:\\\/\\\/www.setek.dk\\\/forside\\\/\"},{\"@type\":\"ListItem\",\"position\":2,\"name\":\"Kompetencer\"}]},{\"@type\":\"WebSite\",\"@id\":\"https:\\\/\\\/www.setek.dk\\\/#website\",\"url\":\"https:\\\/\\\/www.setek.dk\\\/\",\"name\":\"SETEK Process &amp; Data\",\"description\":\"Industriel automation\",\"publisher\":{\"@id\":\"https:\\\/\\\/www.setek.dk\\\/#organization\"},\"potentialAction\":[{\"@type\":\"SearchAction\",\"target\":{\"@type\":\"EntryPoint\",\"urlTemplate\":\"https:\\\/\\\/www.setek.dk\\\/?s={search_term_string}\"},\"query-input\":{\"@type\":\"PropertyValueSpecification\",\"valueRequired\":true,\"valueName\":\"search_term_string\"}}],\"inLanguage\":\"en-GB\"},{\"@type\":\"Organization\",\"@id\":\"https:\\\/\\\/www.setek.dk\\\/#organization\",\"name\":\"SETEK Process & Data\",\"url\":\"https:\\\/\\\/www.setek.dk\\\/\",\"logo\":{\"@type\":\"ImageObject\",\"inLanguage\":\"en-GB\",\"@id\":\"https:\\\/\\\/www.setek.dk\\\/#\\\/schema\\\/logo\\\/image\\\/\",\"url\":\"https:\\\/\\\/www.setek.dk\\\/wp-content\\\/uploads\\\/2016\\\/02\\\/SETEK-4f_250.png\",\"contentUrl\":\"https:\\\/\\\/www.setek.dk\\\/wp-content\\\/uploads\\\/2016\\\/02\\\/SETEK-4f_250.png\",\"width\":250,\"height\":66,\"caption\":\"SETEK Process & Data\"},\"image\":{\"@id\":\"https:\\\/\\\/www.setek.dk\\\/#\\\/schema\\\/logo\\\/image\\\/\"},\"sameAs\":[\"https:\\\/\\\/www.facebook.com\\\/SetekProcessData\\\/\",\"https:\\\/\\\/www.linkedin.com\\\/company\\\/setek-process-&amp;amp;amp;amp;amp;amp;-data-aps\"]}]}<\/script>\n<!-- \/ Yoast SEO plugin. -->","yoast_head_json":{"title":"Kompetencer - SETEK Process &amp; Data","robots":{"index":"index","follow":"follow","max-snippet":"max-snippet:-1","max-image-preview":"max-image-preview:large","max-video-preview":"max-video-preview:-1"},"canonical":"https:\/\/www.setek.dk\/en\/kompetencer\/","og_locale":"en_GB","og_type":"article","og_title":"Kompetencer - SETEK Process &amp; Data","og_url":"https:\/\/www.setek.dk\/en\/kompetencer\/","og_site_name":"SETEK Process &amp; Data","article_publisher":"https:\/\/www.facebook.com\/SetekProcessData\/","article_modified_time":"2022-04-20T11:20:16+00:00","twitter_card":"summary_large_image","twitter_misc":{"Estimated reading time":"2 minutes"},"schema":{"@context":"https:\/\/schema.org","@graph":[{"@type":"WebPage","@id":"https:\/\/www.setek.dk\/kompetencer\/","url":"https:\/\/www.setek.dk\/kompetencer\/","name":"Kompetencer - SETEK Process &amp; Data","isPartOf":{"@id":"https:\/\/www.setek.dk\/#website"},"datePublished":"2017-01-20T08:46:49+00:00","dateModified":"2022-04-20T11:20:16+00:00","breadcrumb":{"@id":"https:\/\/www.setek.dk\/kompetencer\/#breadcrumb"},"inLanguage":"en-GB","potentialAction":[{"@type":"ReadAction","target":["https:\/\/www.setek.dk\/kompetencer\/"]}]},{"@type":"BreadcrumbList","@id":"https:\/\/www.setek.dk\/kompetencer\/#breadcrumb","itemListElement":[{"@type":"ListItem","position":1,"name":"Hjem","item":"https:\/\/www.setek.dk\/forside\/"},{"@type":"ListItem","position":2,"name":"Kompetencer"}]},{"@type":"WebSite","@id":"https:\/\/www.setek.dk\/#website","url":"https:\/\/www.setek.dk\/","name":"SETEK Process &amp; Data","description":"Industriel automation","publisher":{"@id":"https:\/\/www.setek.dk\/#organization"},"potentialAction":[{"@type":"SearchAction","target":{"@type":"EntryPoint","urlTemplate":"https:\/\/www.setek.dk\/?s={search_term_string}"},"query-input":{"@type":"PropertyValueSpecification","valueRequired":true,"valueName":"search_term_string"}}],"inLanguage":"en-GB"},{"@type":"Organization","@id":"https:\/\/www.setek.dk\/#organization","name":"SETEK Process &amp; Data","url":"https:\/\/www.setek.dk\/","logo":{"@type":"ImageObject","inLanguage":"en-GB","@id":"https:\/\/www.setek.dk\/#\/schema\/logo\/image\/","url":"https:\/\/www.setek.dk\/wp-content\/uploads\/2016\/02\/SETEK-4f_250.png","contentUrl":"https:\/\/www.setek.dk\/wp-content\/uploads\/2016\/02\/SETEK-4f_250.png","width":250,"height":66,"caption":"SETEK Process & Data"},"image":{"@id":"https:\/\/www.setek.dk\/#\/schema\/logo\/image\/"},"sameAs":["https:\/\/www.facebook.com\/SetekProcessData\/","https:\/\/www.linkedin.com\/company\/setek-process-&amp;amp;amp;amp;amp;amp;-data-aps"]}]}},"_links":{"self":[{"href":"https:\/\/www.setek.dk\/en\/wp-json\/wp\/v2\/pages\/3739","targetHints":{"allow":["GET"]}}],"collection":[{"href":"https:\/\/www.setek.dk\/en\/wp-json\/wp\/v2\/pages"}],"about":[{"href":"https:\/\/www.setek.dk\/en\/wp-json\/wp\/v2\/types\/page"}],"author":[{"embeddable":true,"href":"https:\/\/www.setek.dk\/en\/wp-json\/wp\/v2\/users\/1"}],"replies":[{"embeddable":true,"href":"https:\/\/www.setek.dk\/en\/wp-json\/wp\/v2\/comments?post=3739"}],"version-history":[{"count":46,"href":"https:\/\/www.setek.dk\/en\/wp-json\/wp\/v2\/pages\/3739\/revisions"}],"predecessor-version":[{"id":5027,"href":"https:\/\/www.setek.dk\/en\/wp-json\/wp\/v2\/pages\/3739\/revisions\/5027"}],"wp:attachment":[{"href":"https:\/\/www.setek.dk\/en\/wp-json\/wp\/v2\/media?parent=3739"}],"curies":[{"name":"wp","href":"https:\/\/api.w.org\/{rel}","templated":true}]}}