{"id":3719,"date":"2017-01-19T12:36:03","date_gmt":"2017-01-19T12:36:03","guid":{"rendered":"http:\/\/wp.setek.dk\/?page_id=3719"},"modified":"2023-01-02T06:58:45","modified_gmt":"2023-01-02T06:58:45","slug":"bmscts-systemer","status":"publish","type":"page","link":"https:\/\/www.setek.dk\/en\/bmscts-systemer\/","title":{"rendered":"BMS\/CTS-Systems"},"content":{"rendered":"<div id='full_slider_1'  class='avia-fullwidth-slider main_color avia-shadow   avia-builder-el-0  el_before_av_two_fifth  avia-builder-el-first   container_wrap sidebar_right'  >\n<style type=\"text\/css\" data-created_by=\"avia_inline_auto\" id=\"style-css-av-18nf0qv-04488877864c8f56e62b49a2dbdeca2e\">\n#top #wrap_all .avia-slideshow .av-slideshow-caption.av-18nf0qv-04488877864c8f56e62b49a2dbdeca2e__0 .avia-caption-title{\nfont-size:60px;\n}\n#top .avia-slideshow .av-slideshow-caption.av-18nf0qv-04488877864c8f56e62b49a2dbdeca2e__0 .avia-caption-content{\nfont-size:30px;\n}\n#top .avia-slideshow .av-slideshow-caption.av-18nf0qv-04488877864c8f56e62b49a2dbdeca2e__0 .avia-caption-content p{\nfont-size:30px;\n}\n<\/style>\n<div  class='avia-slideshow av-18nf0qv-04488877864c8f56e62b49a2dbdeca2e avia-slideshow-no scaling av_slideshow_full avia-fade-slider av-slideshow-ui av-control-hidden av-no-slider-navigation av-hide-nav-arrows av-slideshow-manual av-loop-once av-loop-manual-endless av-default-height-applied   avia-slideshow-1' data-slideshow-options=\"{&quot;animation&quot;:&quot;fade&quot;,&quot;autoplay&quot;:false,&quot;loop_autoplay&quot;:&quot;once&quot;,&quot;interval&quot;:5,&quot;loop_manual&quot;:&quot;manual-endless&quot;,&quot;autoplay_stopper&quot;:false,&quot;noNavigation&quot;:true,&quot;bg_slider&quot;:false,&quot;keep_padding&quot;:false,&quot;hoverpause&quot;:false,&quot;show_slide_delay&quot;:0}\"  itemprop=\"image\" itemscope=\"itemscope\" itemtype=\"https:\/\/schema.org\/ImageObject\" ><ul class='avia-slideshow-inner' style='padding-bottom: 19.415148609779%;'><li  class='avia-slideshow-slide av-18nf0qv-04488877864c8f56e62b49a2dbdeca2e__0  av-single-slide slide-1 slide-odd'><div data-rel='slideshow-1' class='avia-slide-wrap'   ><div class='av-slideshow-caption av-18nf0qv-04488877864c8f56e62b49a2dbdeca2e__0 caption_fullwidth caption_center'><div class=\"container caption_container\"><div class=\"slideshow_caption\"><div class=\"slideshow_inner_caption\"><div class=\"slideshow_align_caption\"><h2 class='avia-caption-title'  itemprop=\"name\" >BMS\/CTS-Systems<\/h2><div class='avia-caption-content av_inherit_color'  itemprop=\"description\" ><p>Intelligent building automation based on open standards.<\/p>\n<\/div><\/div><\/div><\/div><\/div><\/div><img decoding=\"async\" fetchpriority=\"high\" class=\"wp-image-3783 avia-img-lazy-loading-not-3783\"  src=\"https:\/\/www.setek.dk\/wp-content\/uploads\/2017\/01\/VentAnlaegTon.png\" width=\"2086\" height=\"405\" title='VentAnlaegTon' alt=''  itemprop=\"thumbnailUrl\" srcset=\"https:\/\/www.setek.dk\/wp-content\/uploads\/2017\/01\/VentAnlaegTon.png 2086w, https:\/\/www.setek.dk\/wp-content\/uploads\/2017\/01\/VentAnlaegTon-300x58.png 300w, https:\/\/www.setek.dk\/wp-content\/uploads\/2017\/01\/VentAnlaegTon-768x149.png 768w, https:\/\/www.setek.dk\/wp-content\/uploads\/2017\/01\/VentAnlaegTon-1030x200.png 1030w, https:\/\/www.setek.dk\/wp-content\/uploads\/2017\/01\/VentAnlaegTon-1500x291.png 1500w, https:\/\/www.setek.dk\/wp-content\/uploads\/2017\/01\/VentAnlaegTon-705x137.png 705w, https:\/\/www.setek.dk\/wp-content\/uploads\/2017\/01\/VentAnlaegTon-450x87.png 450w\" sizes=\"(max-width: 2086px) 100vw, 2086px\" \/><\/div><\/li><\/ul><\/div><\/div><div id='after_full_slider_1'  class='main_color av_default_container_wrap container_wrap sidebar_right'  ><div class='container av-section-cont-open' ><div class='template-page content  av-content-small alpha units'><div class='post-entry post-entry-type-page post-entry-3719'><div class='entry-content-wrapper clearfix'>\n\n<style type=\"text\/css\" data-created_by=\"avia_inline_auto\" id=\"style-css-av-bjzn8n-8c2e9790298b330fd837b8f227d5b5e6\">\n.flex_column.av-bjzn8n-8c2e9790298b330fd837b8f227d5b5e6{\nborder-radius:0px 0px 0px 0px;\npadding:30px 0px 0px 0px;\n}\n<\/style>\n<div  class='flex_column av-bjzn8n-8c2e9790298b330fd837b8f227d5b5e6 av_two_fifth  avia-builder-el-1  el_after_av_slideshow_full  el_before_av_three_fifth  avia-builder-el-first  first flex_column_div'     ><p>\n<style type=\"text\/css\" data-created_by=\"avia_inline_auto\" id=\"style-css-av-67zcnb-23d3bbac19886242b2257d6fe124d3b7\">\n.avia-image-container.av-67zcnb-23d3bbac19886242b2257d6fe124d3b7 img.avia_image{\nbox-shadow:none;\n}\n.avia-image-container.av-67zcnb-23d3bbac19886242b2257d6fe124d3b7 .av-image-caption-overlay-center{\ncolor:#ffffff;\n}\n<\/style>\n<div  class='avia-image-container av-67zcnb-23d3bbac19886242b2257d6fe124d3b7 av-styling- av-hover-grow avia-align-center  avia-builder-el-2  el_before_av_hr  avia-builder-el-first'   itemprop=\"image\" itemscope=\"itemscope\" itemtype=\"https:\/\/schema.org\/ImageObject\" ><div class=\"avia-image-container-inner\"><div class=\"avia-image-overlay-wrap\"><img decoding=\"async\" fetchpriority=\"high\" class='wp-image-4596 avia-img-lazy-loading-not-4596 avia_image' src=\"https:\/\/www.setek.dk\/wp-content\/uploads\/2019\/12\/Regin.png\" alt='' title='Regin'  height=\"35\" width=\"167\"  itemprop=\"thumbnailUrl\"  \/><\/div><\/div><\/div><br \/>\n\n<style type=\"text\/css\" data-created_by=\"avia_inline_auto\" id=\"style-css-av-6tsvyv-d706c0c28a8ad98207641c14550aab4a\">\n#top .hr.hr-invisible.av-6tsvyv-d706c0c28a8ad98207641c14550aab4a{\nheight:20px;\n}\n<\/style>\n<div  class='hr av-6tsvyv-d706c0c28a8ad98207641c14550aab4a hr-invisible  avia-builder-el-3  el_after_av_image  el_before_av_image'><span class='hr-inner'><span class=\"hr-inner-style\"><\/span><\/span><\/div><br \/>\n\n<style type=\"text\/css\" data-created_by=\"avia_inline_auto\" id=\"style-css-av-67zcnb-65653423591e474b090fb83a8ab87c0a\">\n.avia-image-container.av-67zcnb-65653423591e474b090fb83a8ab87c0a img.avia_image{\nbox-shadow:none;\n}\n.avia-image-container.av-67zcnb-65653423591e474b090fb83a8ab87c0a .av-image-caption-overlay-center{\ncolor:#ffffff;\n}\n<\/style>\n<div  class='avia-image-container av-67zcnb-65653423591e474b090fb83a8ab87c0a av-styling- av-hover-grow avia-align-center  avia-builder-el-4  el_after_av_hr  el_before_av_hr'   itemprop=\"image\" itemscope=\"itemscope\" itemtype=\"https:\/\/schema.org\/ImageObject\" ><div class=\"avia-image-container-inner\"><div class=\"avia-image-overlay-wrap\"><img decoding=\"async\" fetchpriority=\"high\" class='wp-image-4595 avia-img-lazy-loading-not-4595 avia_image' src=\"https:\/\/www.setek.dk\/wp-content\/uploads\/2019\/12\/CitectSCADA2019a-1.png\" alt='' title='CitectSCADA2019a'  height=\"78\" width=\"135\"  itemprop=\"thumbnailUrl\"  \/><\/div><\/div><\/div><br \/>\n\n<style type=\"text\/css\" data-created_by=\"avia_inline_auto\" id=\"style-css-av-6tsvyv-d706c0c28a8ad98207641c14550aab4a\">\n#top .hr.hr-invisible.av-6tsvyv-d706c0c28a8ad98207641c14550aab4a{\nheight:20px;\n}\n<\/style>\n<div  class='hr av-6tsvyv-d706c0c28a8ad98207641c14550aab4a hr-invisible  avia-builder-el-5  el_after_av_image  el_before_av_image'><span class='hr-inner'><span class=\"hr-inner-style\"><\/span><\/span><\/div><br \/>\n\n<style type=\"text\/css\" data-created_by=\"avia_inline_auto\" id=\"style-css-av-8vza87-53365a76998c8c9d1e46f02b09a8a17c\">\n.avia-image-container.av-8vza87-53365a76998c8c9d1e46f02b09a8a17c img.avia_image{\nbox-shadow:none;\n}\n.avia-image-container.av-8vza87-53365a76998c8c9d1e46f02b09a8a17c .av-image-caption-overlay-center{\ncolor:#ffffff;\n}\n<\/style>\n<div  class='avia-image-container av-8vza87-53365a76998c8c9d1e46f02b09a8a17c av-styling- av-hover-grow avia-align-center  avia-builder-el-6  el_after_av_hr  avia-builder-el-last'   itemprop=\"image\" itemscope=\"itemscope\" itemtype=\"https:\/\/schema.org\/ImageObject\" ><div class=\"avia-image-container-inner\"><div class=\"avia-image-overlay-wrap\"><img decoding=\"async\" fetchpriority=\"high\" class='wp-image-4598 avia-img-lazy-loading-not-4598 avia_image' src=\"https:\/\/www.setek.dk\/wp-content\/uploads\/2019\/12\/Wago2019.png\" alt='' title='Wago2019'  height=\"54\" width=\"147\"  itemprop=\"thumbnailUrl\"  \/><\/div><\/div><\/div><\/p><\/div>\n\n<style type=\"text\/css\" data-created_by=\"avia_inline_auto\" id=\"style-css-av-42luvb-e46fe0d32f944183ea30ac6138bcf2e5\">\n.flex_column.av-42luvb-e46fe0d32f944183ea30ac6138bcf2e5{\nborder-radius:0px 0px 0px 0px;\npadding:0px 0px 0px 0px;\n}\n<\/style>\n<div  class='flex_column av-42luvb-e46fe0d32f944183ea30ac6138bcf2e5 av_three_fifth  avia-builder-el-7  el_after_av_two_fifth  el_before_av_section  avia-builder-el-last  flex_column_div av-zero-column-padding'     ><style type=\"text\/css\" data-created_by=\"avia_inline_auto\" id=\"style-css-av-36qyaf-957d87492826021e78ade6cf1cc9b74d\">\n#top .av_textblock_section.av-36qyaf-957d87492826021e78ade6cf1cc9b74d .avia_textblock{\nfont-size:14px;\n}\n<\/style>\n<section  class='av_textblock_section av-36qyaf-957d87492826021e78ade6cf1cc9b74d'   itemscope=\"itemscope\" itemtype=\"https:\/\/schema.org\/CreativeWork\" ><div class='avia_textblock'  itemprop=\"text\" ><h2><b>The open choice<\/b><\/h2>\n<p>SETEK Process &#038; Data anbefaler helt klart at man v\u00e6lger systemer baseret p\u00e5 helt \u00e5bne standarder, da disse har \u00e5benlyse fordele, fremfor de propriet\u00e6re og lukkede systemer.<\/p>\n<p>Depending on the task, we use the type of controller and main station that best suits the task assessed on the basis of price and functionality.<\/p>\n<p>SETEK is among other the system house for the following:<\/p>\n<ul>\n<li>Regin CTS<\/li>\n<li>AVEVA Citect SCADA<\/li>\n<li>WAGO PLC<\/li>\n<\/ul>\n<\/div><\/section><\/div>\n<\/div><\/div><\/div><!-- close content main div --><\/div><\/div><div id='av_section_1'  class='avia-section av-jskxyf-ebea8796779a6d400cf5fdf36b479f8c alternate_color avia-section-default avia-no-border-styling  avia-builder-el-9  el_after_av_three_fifth  el_before_av_two_fifth  avia-bg-style-scroll container_wrap sidebar_right'  ><div class='container av-section-cont-open' ><div class='template-page content  av-content-small alpha units'><div class='post-entry post-entry-type-page post-entry-3719'><div class='entry-content-wrapper clearfix'>\n\n<style type=\"text\/css\" data-created_by=\"avia_inline_auto\" id=\"style-css-av-i5vlpj-1e546183cba1c15dc2fd9595cd87213b\">\n.flex_column.av-i5vlpj-1e546183cba1c15dc2fd9595cd87213b{\nborder-radius:0px 0px 0px 0px;\npadding:0px 0px 0px 0px;\n}\n<\/style>\n<div  class='flex_column av-i5vlpj-1e546183cba1c15dc2fd9595cd87213b av_three_fifth  avia-builder-el-10  el_before_av_two_fifth  avia-builder-el-first  first flex_column_div av-zero-column-padding'     ><style type=\"text\/css\" data-created_by=\"avia_inline_auto\" id=\"style-css-av-f8kvnr-ac8ab466181333e39442a8a5e71b41a0\">\n#top .av_textblock_section.av-f8kvnr-ac8ab466181333e39442a8a5e71b41a0 .avia_textblock{\nfont-size:14px;\n}\n<\/style>\n<section  class='av_textblock_section av-f8kvnr-ac8ab466181333e39442a8a5e71b41a0'   itemscope=\"itemscope\" itemtype=\"https:\/\/schema.org\/CreativeWork\" ><div class='avia_textblock'  itemprop=\"text\" ><h2><b>Building automation today<\/b><\/h2>\n<p>Building automation (BMS), including CTS systems, has undergone a development in recent years, where there has been significantly more focus on openness, accessibility and economy. As a result, the industry has focused more on the techniques and methods that have been used with great success in the process and machinery industry for many years.<\/p>\n<p>Since 1996, SETEK Process &amp; Data has delivered numerous complex automation projects to the process and machine industry in particular, so we can really benefit from the large and broad experience we have built up with automation projects at home and abroad.<\/p>\n<\/div><\/section><\/div>\n<style type=\"text\/css\" data-created_by=\"avia_inline_auto\" id=\"style-css-av-eoikkn-c60e62bb9db8ecfa3cf5dc94c68632b5\">\n.flex_column.av-eoikkn-c60e62bb9db8ecfa3cf5dc94c68632b5{\nborder-radius:0px 0px 0px 0px;\npadding:10px 0px 0px 0px;\n}\n<\/style>\n<div  class='flex_column av-eoikkn-c60e62bb9db8ecfa3cf5dc94c68632b5 av_two_fifth  avia-builder-el-12  el_after_av_three_fifth  avia-builder-el-last  flex_column_div'     ><style type=\"text\/css\" data-created_by=\"avia_inline_auto\" id=\"style-css-av-cxhu6v-5ccbddd2609d6ad88f19b9a9d2a1123b\">\n.avia-image-container.av-cxhu6v-5ccbddd2609d6ad88f19b9a9d2a1123b img.avia_image{\nbox-shadow:none;\n}\n.avia-image-container.av-cxhu6v-5ccbddd2609d6ad88f19b9a9d2a1123b .av-image-caption-overlay-center{\ncolor:#ffffff;\n}\n<\/style>\n<div  class='avia-image-container av-cxhu6v-5ccbddd2609d6ad88f19b9a9d2a1123b av-styling- av-hover-grow avia-align-center  avia-builder-el-13  avia-builder-el-no-sibling'   itemprop=\"image\" itemscope=\"itemscope\" itemtype=\"https:\/\/schema.org\/ImageObject\" ><div class=\"avia-image-container-inner\"><div class=\"avia-image-overlay-wrap\"><img decoding=\"async\" fetchpriority=\"high\" class='wp-image-3245 avia-img-lazy-loading-not-3245 avia_image' src=\"https:\/\/www.setek.dk\/wp-content\/uploads\/2016\/01\/DSC_0329-300x201.jpg\" alt='' title='DSC_0329'  height=\"201\" width=\"300\"  itemprop=\"thumbnailUrl\" srcset=\"https:\/\/www.setek.dk\/wp-content\/uploads\/2016\/01\/DSC_0329-300x201.jpg 300w, https:\/\/www.setek.dk\/wp-content\/uploads\/2016\/01\/DSC_0329-768x516.jpg 768w, https:\/\/www.setek.dk\/wp-content\/uploads\/2016\/01\/DSC_0329-1030x691.jpg 1030w, https:\/\/www.setek.dk\/wp-content\/uploads\/2016\/01\/DSC_0329-1500x1007.jpg 1500w, https:\/\/www.setek.dk\/wp-content\/uploads\/2016\/01\/DSC_0329-705x473.jpg 705w, https:\/\/www.setek.dk\/wp-content\/uploads\/2016\/01\/DSC_0329-450x302.jpg 450w\" sizes=\"(max-width: 300px) 100vw, 300px\" \/><\/div><\/div><\/div><\/div>\n<\/div><\/div><\/div><!-- close content main div --><\/div><\/div><div id='after_section_1'  class='main_color av_default_container_wrap container_wrap sidebar_right'  ><div class='container av-section-cont-open' ><div class='template-page content  av-content-small alpha units'><div class='post-entry post-entry-type-page post-entry-3719'><div class='entry-content-wrapper clearfix'>\n\n<style type=\"text\/css\" data-created_by=\"avia_inline_auto\" id=\"style-css-av-1591ss7-78c4ceba23fa6e48d58a3512cd46f469\">\n.flex_column.av-1591ss7-78c4ceba23fa6e48d58a3512cd46f469{\nborder-radius:0px 0px 0px 0px;\npadding:30px 0px 0px 0px;\n}\n<\/style>\n<div  class='flex_column av-1591ss7-78c4ceba23fa6e48d58a3512cd46f469 av_two_fifth  avia-builder-el-14  el_after_av_section  el_before_av_three_fifth  avia-builder-el-first  first flex_column_div'     ><style type=\"text\/css\" data-created_by=\"avia_inline_auto\" id=\"style-css-av-12b8n5j-bd16979cdf85d59ff4c962df14ce4f0b\">\n.avia-image-container.av-12b8n5j-bd16979cdf85d59ff4c962df14ce4f0b img.avia_image{\nbox-shadow:none;\n}\n.avia-image-container.av-12b8n5j-bd16979cdf85d59ff4c962df14ce4f0b .av-image-caption-overlay-center{\ncolor:#ffffff;\n}\n<\/style>\n<div  class='avia-image-container av-12b8n5j-bd16979cdf85d59ff4c962df14ce4f0b av-styling- av-hover-grow avia-align-center  avia-builder-el-15  avia-builder-el-no-sibling'   itemprop=\"image\" itemscope=\"itemscope\" itemtype=\"https:\/\/schema.org\/ImageObject\" ><div class=\"avia-image-container-inner\"><div class=\"avia-image-overlay-wrap\"><img decoding=\"async\" fetchpriority=\"high\" class='wp-image-3234 avia-img-lazy-loading-not-3234 avia_image' src=\"https:\/\/www.setek.dk\/wp-content\/uploads\/2016\/01\/DSC_0344-300x201.jpg\" alt='' title='DSC_0344'  height=\"201\" width=\"300\"  itemprop=\"thumbnailUrl\" srcset=\"https:\/\/www.setek.dk\/wp-content\/uploads\/2016\/01\/DSC_0344-300x201.jpg 300w, https:\/\/www.setek.dk\/wp-content\/uploads\/2016\/01\/DSC_0344-768x516.jpg 768w, https:\/\/www.setek.dk\/wp-content\/uploads\/2016\/01\/DSC_0344-1030x691.jpg 1030w, https:\/\/www.setek.dk\/wp-content\/uploads\/2016\/01\/DSC_0344-1500x1007.jpg 1500w, https:\/\/www.setek.dk\/wp-content\/uploads\/2016\/01\/DSC_0344-705x473.jpg 705w, https:\/\/www.setek.dk\/wp-content\/uploads\/2016\/01\/DSC_0344-450x302.jpg 450w\" sizes=\"(max-width: 300px) 100vw, 300px\" \/><\/div><\/div><\/div><\/div>\n\n<style type=\"text\/css\" data-created_by=\"avia_inline_auto\" id=\"style-css-av-11cekjr-4aa1d3b8ebe0e0d83bdecdbd0602621f\">\n.flex_column.av-11cekjr-4aa1d3b8ebe0e0d83bdecdbd0602621f{\nborder-radius:0px 0px 0px 0px;\npadding:0px 0px 0px 0px;\n}\n<\/style>\n<div  class='flex_column av-11cekjr-4aa1d3b8ebe0e0d83bdecdbd0602621f av_three_fifth  avia-builder-el-16  el_after_av_two_fifth  avia-builder-el-last  flex_column_div av-zero-column-padding'     ><style type=\"text\/css\" data-created_by=\"avia_inline_auto\" id=\"style-css-av-z2791z-bc0b9a39d0b6425efceff6afc2f1645d\">\n#top .av_textblock_section.av-z2791z-bc0b9a39d0b6425efceff6afc2f1645d .avia_textblock{\nfont-size:14px;\n}\n<\/style>\n<section  class='av_textblock_section av-z2791z-bc0b9a39d0b6425efceff6afc2f1645d'   itemscope=\"itemscope\" itemtype=\"https:\/\/schema.org\/CreativeWork\" ><div class='avia_textblock'  itemprop=\"text\" ><h2><b>What can building automation do?<\/b><\/h2>\n<p>Today, there is a great focus on needs and savings, so that you start and stop heating and ventilation systems based on a strategy compared with comfort measurements, as opposed to the \"old\" methods, where you just drove according to fixed day \/ week programs.<\/p>\n<p>Typically we manage:<\/p>\n<\/div><\/section><br \/>\n<div  class='avia-table av-yi4xyv-58dc76f706ea35b4692c05555a7883c0 main_color avia-pricing-table-container avia_pricing_default  avia-builder-el-18  el_after_av_textblock  avia-builder-el-last  avia-table-1'  itemscope=\"itemscope\" itemtype=\"https:\/\/schema.org\/Table\" ><div class=\"pricing-table-wrap\"><ul class='pricing-table'><li class=''><div class='first-table-item'>Refrigeration system<\/div><span class='pricing-extra'><\/span><\/li><li class=''>Light, inside and out<\/li><\/ul><\/div><div class=\"pricing-table-wrap\"><ul class='pricing-table'><li class=''><div class='first-table-item'>Ventilation system<\/div><span class='pricing-extra'><\/span><\/li><li class=''>Sun protection<\/li><\/ul><\/div><div class=\"pricing-table-wrap\"><ul class='pricing-table'><li class=''><div class='first-table-item'>Heating system<\/div><span class='pricing-extra'><\/span><\/li><li class=''>Alarm systems \/ access control<\/li><\/ul><\/div><\/div><\/p><\/div>","protected":false},"excerpt":{"rendered":"","protected":false},"author":1,"featured_media":0,"parent":0,"menu_order":0,"comment_status":"closed","ping_status":"open","template":"","meta":{"footnotes":""},"class_list":["post-3719","page","type-page","status-publish","hentry"],"yoast_head":"<!-- This site is optimized with the Yoast SEO plugin v27.5 - https:\/\/yoast.com\/product\/yoast-seo-wordpress\/ -->\n<title>BMS\/CTS-Systemer - SETEK Process &amp; Data<\/title>\n<meta name=\"robots\" content=\"index, follow, max-snippet:-1, max-image-preview:large, max-video-preview:-1\" \/>\n<link rel=\"canonical\" href=\"https:\/\/www.setek.dk\/en\/bmscts-systemer\/\" \/>\n<meta property=\"og:locale\" content=\"en_GB\" \/>\n<meta property=\"og:type\" content=\"article\" \/>\n<meta property=\"og:title\" content=\"BMS\/CTS-Systemer - SETEK Process &amp; Data\" \/>\n<meta property=\"og:url\" content=\"https:\/\/www.setek.dk\/en\/bmscts-systemer\/\" \/>\n<meta property=\"og:site_name\" content=\"SETEK Process &amp; Data\" \/>\n<meta property=\"article:publisher\" content=\"https:\/\/www.facebook.com\/SetekProcessData\/\" \/>\n<meta property=\"article:modified_time\" content=\"2023-01-02T06:58:45+00:00\" \/>\n<meta name=\"twitter:card\" content=\"summary_large_image\" \/>\n<meta name=\"twitter:label1\" content=\"Estimated reading time\" \/>\n\t<meta name=\"twitter:data1\" content=\"4 minutes\" \/>\n<script type=\"application\/ld+json\" class=\"yoast-schema-graph\">{\"@context\":\"https:\\\/\\\/schema.org\",\"@graph\":[{\"@type\":\"WebPage\",\"@id\":\"https:\\\/\\\/www.setek.dk\\\/bmscts-systemer\\\/\",\"url\":\"https:\\\/\\\/www.setek.dk\\\/bmscts-systemer\\\/\",\"name\":\"BMS\\\/CTS-Systemer - SETEK Process &amp; Data\",\"isPartOf\":{\"@id\":\"https:\\\/\\\/www.setek.dk\\\/#website\"},\"datePublished\":\"2017-01-19T12:36:03+00:00\",\"dateModified\":\"2023-01-02T06:58:45+00:00\",\"breadcrumb\":{\"@id\":\"https:\\\/\\\/www.setek.dk\\\/bmscts-systemer\\\/#breadcrumb\"},\"inLanguage\":\"en-GB\",\"potentialAction\":[{\"@type\":\"ReadAction\",\"target\":[\"https:\\\/\\\/www.setek.dk\\\/bmscts-systemer\\\/\"]}]},{\"@type\":\"BreadcrumbList\",\"@id\":\"https:\\\/\\\/www.setek.dk\\\/bmscts-systemer\\\/#breadcrumb\",\"itemListElement\":[{\"@type\":\"ListItem\",\"position\":1,\"name\":\"Hjem\",\"item\":\"https:\\\/\\\/www.setek.dk\\\/forside\\\/\"},{\"@type\":\"ListItem\",\"position\":2,\"name\":\"BMS\\\/CTS-Systemer\"}]},{\"@type\":\"WebSite\",\"@id\":\"https:\\\/\\\/www.setek.dk\\\/#website\",\"url\":\"https:\\\/\\\/www.setek.dk\\\/\",\"name\":\"SETEK Process &amp; Data\",\"description\":\"Industriel automation\",\"publisher\":{\"@id\":\"https:\\\/\\\/www.setek.dk\\\/#organization\"},\"potentialAction\":[{\"@type\":\"SearchAction\",\"target\":{\"@type\":\"EntryPoint\",\"urlTemplate\":\"https:\\\/\\\/www.setek.dk\\\/?s={search_term_string}\"},\"query-input\":{\"@type\":\"PropertyValueSpecification\",\"valueRequired\":true,\"valueName\":\"search_term_string\"}}],\"inLanguage\":\"en-GB\"},{\"@type\":\"Organization\",\"@id\":\"https:\\\/\\\/www.setek.dk\\\/#organization\",\"name\":\"SETEK Process & Data\",\"url\":\"https:\\\/\\\/www.setek.dk\\\/\",\"logo\":{\"@type\":\"ImageObject\",\"inLanguage\":\"en-GB\",\"@id\":\"https:\\\/\\\/www.setek.dk\\\/#\\\/schema\\\/logo\\\/image\\\/\",\"url\":\"https:\\\/\\\/www.setek.dk\\\/wp-content\\\/uploads\\\/2016\\\/02\\\/SETEK-4f_250.png\",\"contentUrl\":\"https:\\\/\\\/www.setek.dk\\\/wp-content\\\/uploads\\\/2016\\\/02\\\/SETEK-4f_250.png\",\"width\":250,\"height\":66,\"caption\":\"SETEK Process & Data\"},\"image\":{\"@id\":\"https:\\\/\\\/www.setek.dk\\\/#\\\/schema\\\/logo\\\/image\\\/\"},\"sameAs\":[\"https:\\\/\\\/www.facebook.com\\\/SetekProcessData\\\/\",\"https:\\\/\\\/www.linkedin.com\\\/company\\\/setek-process-&amp;amp;amp;amp;amp;amp;-data-aps\"]}]}<\/script>\n<!-- \/ Yoast SEO plugin. -->","yoast_head_json":{"title":"BMS\/CTS-Systemer - SETEK Process &amp; Data","robots":{"index":"index","follow":"follow","max-snippet":"max-snippet:-1","max-image-preview":"max-image-preview:large","max-video-preview":"max-video-preview:-1"},"canonical":"https:\/\/www.setek.dk\/en\/bmscts-systemer\/","og_locale":"en_GB","og_type":"article","og_title":"BMS\/CTS-Systemer - SETEK Process &amp; Data","og_url":"https:\/\/www.setek.dk\/en\/bmscts-systemer\/","og_site_name":"SETEK Process &amp; Data","article_publisher":"https:\/\/www.facebook.com\/SetekProcessData\/","article_modified_time":"2023-01-02T06:58:45+00:00","twitter_card":"summary_large_image","twitter_misc":{"Estimated reading time":"4 minutes"},"schema":{"@context":"https:\/\/schema.org","@graph":[{"@type":"WebPage","@id":"https:\/\/www.setek.dk\/bmscts-systemer\/","url":"https:\/\/www.setek.dk\/bmscts-systemer\/","name":"BMS\/CTS-Systemer - SETEK Process &amp; Data","isPartOf":{"@id":"https:\/\/www.setek.dk\/#website"},"datePublished":"2017-01-19T12:36:03+00:00","dateModified":"2023-01-02T06:58:45+00:00","breadcrumb":{"@id":"https:\/\/www.setek.dk\/bmscts-systemer\/#breadcrumb"},"inLanguage":"en-GB","potentialAction":[{"@type":"ReadAction","target":["https:\/\/www.setek.dk\/bmscts-systemer\/"]}]},{"@type":"BreadcrumbList","@id":"https:\/\/www.setek.dk\/bmscts-systemer\/#breadcrumb","itemListElement":[{"@type":"ListItem","position":1,"name":"Hjem","item":"https:\/\/www.setek.dk\/forside\/"},{"@type":"ListItem","position":2,"name":"BMS\/CTS-Systemer"}]},{"@type":"WebSite","@id":"https:\/\/www.setek.dk\/#website","url":"https:\/\/www.setek.dk\/","name":"SETEK Process &amp; Data","description":"Industriel automation","publisher":{"@id":"https:\/\/www.setek.dk\/#organization"},"potentialAction":[{"@type":"SearchAction","target":{"@type":"EntryPoint","urlTemplate":"https:\/\/www.setek.dk\/?s={search_term_string}"},"query-input":{"@type":"PropertyValueSpecification","valueRequired":true,"valueName":"search_term_string"}}],"inLanguage":"en-GB"},{"@type":"Organization","@id":"https:\/\/www.setek.dk\/#organization","name":"SETEK Process &amp; Data","url":"https:\/\/www.setek.dk\/","logo":{"@type":"ImageObject","inLanguage":"en-GB","@id":"https:\/\/www.setek.dk\/#\/schema\/logo\/image\/","url":"https:\/\/www.setek.dk\/wp-content\/uploads\/2016\/02\/SETEK-4f_250.png","contentUrl":"https:\/\/www.setek.dk\/wp-content\/uploads\/2016\/02\/SETEK-4f_250.png","width":250,"height":66,"caption":"SETEK Process & Data"},"image":{"@id":"https:\/\/www.setek.dk\/#\/schema\/logo\/image\/"},"sameAs":["https:\/\/www.facebook.com\/SetekProcessData\/","https:\/\/www.linkedin.com\/company\/setek-process-&amp;amp;amp;amp;amp;amp;-data-aps"]}]}},"_links":{"self":[{"href":"https:\/\/www.setek.dk\/en\/wp-json\/wp\/v2\/pages\/3719","targetHints":{"allow":["GET"]}}],"collection":[{"href":"https:\/\/www.setek.dk\/en\/wp-json\/wp\/v2\/pages"}],"about":[{"href":"https:\/\/www.setek.dk\/en\/wp-json\/wp\/v2\/types\/page"}],"author":[{"embeddable":true,"href":"https:\/\/www.setek.dk\/en\/wp-json\/wp\/v2\/users\/1"}],"replies":[{"embeddable":true,"href":"https:\/\/www.setek.dk\/en\/wp-json\/wp\/v2\/comments?post=3719"}],"version-history":[{"count":35,"href":"https:\/\/www.setek.dk\/en\/wp-json\/wp\/v2\/pages\/3719\/revisions"}],"predecessor-version":[{"id":5051,"href":"https:\/\/www.setek.dk\/en\/wp-json\/wp\/v2\/pages\/3719\/revisions\/5051"}],"wp:attachment":[{"href":"https:\/\/www.setek.dk\/en\/wp-json\/wp\/v2\/media?parent=3719"}],"curies":[{"name":"wp","href":"https:\/\/api.w.org\/{rel}","templated":true}]}}